{"id":9,"date":"2022-11-26T18:54:47","date_gmt":"2022-11-26T18:54:47","guid":{"rendered":"http:\/\/umwelt.forbee.de\/?page_id=9"},"modified":"2023-02-21T16:06:04","modified_gmt":"2023-02-21T16:06:04","slug":"info","status":"publish","type":"page","link":"https:\/\/umwelt.forbee.de\/","title":{"rendered":"Startseite"},"content":{"rendered":"\n<p class=\"has-white-color has-black-background-color has-text-color has-background\">Auf dieser Website geht es  um das Thema  &#8222;Umwelt&#8220; . Auf die Idee sind wir in \u00d6sterreich beim Skiurlaub gekommen , als wir auf einer Skipiste gefahren sind wo die Temparatur 24 Grad gehabt hat. Wir haben uns immer wieder getroffen um zu \u00fcberlegen wie wir die Umwelt sch\u00fctzen k\u00f6nnten. <\/p>\n\n\n\n<p class=\"has-vivid-red-color has-black-background-color has-text-color has-background\">Wir Haben Sogar ein Umweltbuch geschrieben. Mehr infos dar\u00fcber findest du auf unserer Homepage unter Highlights<\/p>\n\n\n\n<p class=\"has-white-color has-black-background-color has-text-color has-background\"><strong>Unser Ziel: <\/strong>Das mehr Menschen auf die Umwelt aufmerksam werden und dass jeder ein bisschen f\u00fcr die Umwelt  beitragen kann.<\/p>\n\n\n\n<p class=\"has-white-color has-black-background-color has-text-color has-background\"><strong>Wie sieht ein Schmelzwasserbach in den Bergen aus ?<\/strong><\/p>\n\n\n\n<p class=\"has-white-color has-black-background-color has-text-color has-background\">Wir haben in den Bergen einen Schmelzwasserbach gefunden und gefilmt:<\/p>\n\n\n\n<p class=\"has-vivid-red-color has-black-background-color has-text-color has-background\"><\/p>\n\n\n\n<figure class=\"wp-block-video\"><video src=\"http:\/\/umwelt.forbee.de\/wp-content\/uploads\/2023\/02\/trim.1648D8E0-FC7D-4169-A6CA-EB2113E8D9A5.mov\"><\/video><\/figure>\n\n\n\n<figure class=\"wp-block-video\"><video controls src=\"http:\/\/umwelt.forbee.de\/wp-content\/uploads\/2023\/02\/trim.E844233D-3245-4C08-BC34-B8BA108DD1A6.mov\"><\/video><\/figure>\n\n\n\n<figure class=\"wp-block-image\"><img decoding=\"async\" loading=\"lazy\" width=\"768\" height=\"1024\" src=\"http:\/\/umwelt.forbee.de\/wp-content\/uploads\/2023\/02\/3746115A-03C3-45F4-AF44-CB044ECA626D.jpeg\" alt=\"\" class=\"wp-image-89\" srcset=\"https:\/\/umwelt.forbee.de\/wp-content\/uploads\/2023\/02\/3746115A-03C3-45F4-AF44-CB044ECA626D.jpeg 768w, https:\/\/umwelt.forbee.de\/wp-content\/uploads\/2023\/02\/3746115A-03C3-45F4-AF44-CB044ECA626D-225x300.jpeg 225w\" sizes=\"(max-width: 768px) 100vw, 768px\" \/><\/figure>\n\n\n\n<figure class=\"wp-block-image size-full\"><img decoding=\"async\" loading=\"lazy\" width=\"768\" height=\"1024\" src=\"http:\/\/umwelt.forbee.de\/wp-content\/uploads\/2023\/02\/5EBA090B-FCBA-495A-AB51-0C1148FEAF72.jpeg\" alt=\"\" class=\"wp-image-91\" srcset=\"https:\/\/umwelt.forbee.de\/wp-content\/uploads\/2023\/02\/5EBA090B-FCBA-495A-AB51-0C1148FEAF72.jpeg 768w, https:\/\/umwelt.forbee.de\/wp-content\/uploads\/2023\/02\/5EBA090B-FCBA-495A-AB51-0C1148FEAF72-225x300.jpeg 225w\" sizes=\"(max-width: 768px) 100vw, 768px\" \/><\/figure>\n\n\n\n<figure class=\"wp-block-image size-full\"><img decoding=\"async\" loading=\"lazy\" width=\"768\" height=\"1024\" src=\"http:\/\/umwelt.forbee.de\/wp-content\/uploads\/2023\/02\/017E586C-9623-49EE-AAA3-C78151D28ECF.jpeg\" alt=\"\" class=\"wp-image-93\" srcset=\"https:\/\/umwelt.forbee.de\/wp-content\/uploads\/2023\/02\/017E586C-9623-49EE-AAA3-C78151D28ECF.jpeg 768w, https:\/\/umwelt.forbee.de\/wp-content\/uploads\/2023\/02\/017E586C-9623-49EE-AAA3-C78151D28ECF-225x300.jpeg 225w\" sizes=\"(max-width: 768px) 100vw, 768px\" \/><\/figure>\n\n\n\n<div class=\"wp-block-file\"><a id=\"wp-block-file--media-dd508a2f-16f9-4652-a0e4-979973a9b301\" href=\"http:\/\/umwelt.forbee.de\/wp-content\/uploads\/2023\/02\/trim.ED9E4454-6B1F-418C-BB26-C0D456F7E259.mov\">trim.ED9E4454-6B1F-418C-BB26-C0D456F7E259<\/a><a href=\"http:\/\/umwelt.forbee.de\/wp-content\/uploads\/2023\/02\/trim.ED9E4454-6B1F-418C-BB26-C0D456F7E259.mov\" class=\"wp-block-file__button wp-element-button\" download aria-describedby=\"wp-block-file--media-dd508a2f-16f9-4652-a0e4-979973a9b301\">Herunterladen<\/a><\/div>\n\n\n\n<figure class=\"wp-block-image\"><img alt=\"\"\/><\/figure>\n","protected":false},"excerpt":{"rendered":"<p>Auf dieser Website geht es um das Thema &#8222;Umwelt&#8220; . Auf die Idee sind wir in \u00d6sterreich beim Skiurlaub gekommen , als wir auf einer Skipiste gefahren sind wo die Temparatur 24 Grad gehabt hat. Wir haben uns immer wieder getroffen um zu \u00fcberlegen wie wir die Umwelt sch\u00fctzen k\u00f6nnten. Wir Haben Sogar ein Umweltbuch [&hellip;]<\/p>\n","protected":false},"author":2,"featured_media":0,"parent":0,"menu_order":0,"comment_status":"open","ping_status":"closed","template":"","meta":[],"_links":{"self":[{"href":"https:\/\/umwelt.forbee.de\/index.php?rest_route=\/wp\/v2\/pages\/9"}],"collection":[{"href":"https:\/\/umwelt.forbee.de\/index.php?rest_route=\/wp\/v2\/pages"}],"about":[{"href":"https:\/\/umwelt.forbee.de\/index.php?rest_route=\/wp\/v2\/types\/page"}],"author":[{"embeddable":true,"href":"https:\/\/umwelt.forbee.de\/index.php?rest_route=\/wp\/v2\/users\/2"}],"replies":[{"embeddable":true,"href":"https:\/\/umwelt.forbee.de\/index.php?rest_route=%2Fwp%2Fv2%2Fcomments&post=9"}],"version-history":[{"count":31,"href":"https:\/\/umwelt.forbee.de\/index.php?rest_route=\/wp\/v2\/pages\/9\/revisions"}],"predecessor-version":[{"id":99,"href":"https:\/\/umwelt.forbee.de\/index.php?rest_route=\/wp\/v2\/pages\/9\/revisions\/99"}],"wp:attachment":[{"href":"https:\/\/umwelt.forbee.de\/index.php?rest_route=%2Fwp%2Fv2%2Fmedia&parent=9"}],"curies":[{"name":"wp","href":"https:\/\/api.w.org\/{rel}","templated":true}]}}